{"id":3863,"date":"2021-07-30T22:16:02","date_gmt":"2021-07-30T22:16:02","guid":{"rendered":"https:\/\/neoocular.qodeinteractive.com\/?page_id=3863"},"modified":"2025-01-26T17:15:47","modified_gmt":"2025-01-26T17:15:47","slug":"news","status":"publish","type":"page","link":"https:\/\/kupervisao.com\/en\/news\/","title":{"rendered":"NEWS"},"content":{"rendered":"<div data-elementor-type=\"wp-page\" data-elementor-id=\"3863\" class=\"elementor elementor-3863\">\n\t\t\t\t\t\t<section class=\"elementor-section elementor-top-section elementor-element elementor-element-f808f50 elementor-section-full_width elementor-section-height-default elementor-section-height-default qodef-elementor-content-no\" data-id=\"f808f50\" data-element_type=\"section\">\n\t\t\t\t\t\t<div class=\"elementor-container elementor-column-gap-default\">\n\t\t\t\t\t<div class=\"elementor-column elementor-col-100 elementor-top-column elementor-element elementor-element-96f9282\" data-id=\"96f9282\" data-element_type=\"column\">\n\t\t\t<div class=\"elementor-widget-wrap elementor-element-populated\">\n\t\t\t\t\t\t<div class=\"elementor-element elementor-element-338fc2b elementor-widget elementor-widget-neoocular_core_blog_list\" data-id=\"338fc2b\" data-element_type=\"widget\" data-widget_type=\"neoocular_core_blog_list.default\">\n\t\t\t\t<div class=\"elementor-widget-container\">\n\t\t\t<div class=\"qodef-shortcode qodef-m  qodef-blog qodef--list qodef-item-layout--standard   qodef-grid qodef-layout--columns  qodef-gutter--huge qodef-col-num--1 qodef-item-layout--standard qodef-pagination--on qodef-pagination-type--standard qodef-responsive--predefined\" data-options=\"{&quot;plugin&quot;:&quot;neoocular_core&quot;,&quot;module&quot;:&quot;blog\\\/shortcodes&quot;,&quot;shortcode&quot;:&quot;blog-list&quot;,&quot;post_type&quot;:&quot;post&quot;,&quot;next_page&quot;:&quot;2&quot;,&quot;max_pages_num&quot;:2,&quot;behavior&quot;:&quot;columns&quot;,&quot;images_proportion&quot;:&quot;full&quot;,&quot;columns&quot;:&quot;1&quot;,&quot;columns_responsive&quot;:&quot;predefined&quot;,&quot;space&quot;:&quot;huge&quot;,&quot;posts_per_page&quot;:&quot;5&quot;,&quot;orderby&quot;:&quot;date&quot;,&quot;order&quot;:&quot;DESC&quot;,&quot;layout&quot;:&quot;standard&quot;,&quot;title_tag&quot;:&quot;h2&quot;,&quot;excerpt_length&quot;:&quot;448&quot;,&quot;date_margin&quot;:&quot;6px 0 0 0&quot;,&quot;pagination_type&quot;:&quot;standard&quot;,&quot;object_class_name&quot;:&quot;NeoOcularCore_Blog_List_Shortcode&quot;,&quot;taxonomy_filter&quot;:&quot;category&quot;,&quot;top_holder_style&quot;:[&quot;margin: 6px 0 0 0&quot;],&quot;space_value&quot;:40}\">\n\t\t<div class=\"qodef-grid-inner clear\">\n\t\t<article class=\"qodef-e qodef-blog-item qodef-grid-item qodef-item--full post-4032 post type-post status-publish format-standard has-post-thumbnail hentry category-visao\">\n\t<div class=\"qodef-e-inner\">\n\t\t<div class=\"qodef-e-media\">\n\t\t<div class=\"qodef-e-media-image\">\n\t\t<a itemprop=\"url\" href=\"https:\/\/kupervisao.com\/en\/2025\/03\/10\/olho-seco\/\">\n\t\t\t<img fetchpriority=\"high\" decoding=\"async\" width=\"1366\" height=\"768\" src=\"https:\/\/kupervisao.com\/wp-content\/uploads\/2025\/03\/Olho-seco.png\" class=\"attachment-full size-full\" alt=\"\" srcset=\"https:\/\/kupervisao.com\/wp-content\/uploads\/2025\/03\/Olho-seco.png 1366w, https:\/\/kupervisao.com\/wp-content\/uploads\/2025\/03\/Olho-seco-300x169.png 300w, https:\/\/kupervisao.com\/wp-content\/uploads\/2025\/03\/Olho-seco-1024x576.png 1024w, https:\/\/kupervisao.com\/wp-content\/uploads\/2025\/03\/Olho-seco-768x432.png 768w, https:\/\/kupervisao.com\/wp-content\/uploads\/2025\/03\/Olho-seco-18x10.png 18w\" sizes=\"(max-width: 1366px) 100vw, 1366px\" \/>\t\t<\/a>\n\t<\/div>\n<\/div>\n\t\t<div class=\"qodef-e-content\">\n\t\t\t<div class=\"qodef-e-top-holder\">\n\t\t\t\t<div class=\"qodef-e-info\" style=\"margin: 6px 0 0 0\">\n\t\t\t\t\t<a itemprop=\"dateCreated\" href=\"https:\/\/kupervisao.com\/en\/2025\/03\/\" class=\"entry-date\">\n\t10 de March, 2025<\/a><div class=\"qodef-info-separator-end\"><\/div><a href=\"https:\/\/kupervisao.com\/en\/category\/visao\/\" rel=\"tag\">Vis\u00e3o<\/a><div class=\"qodef-info-separator-end\"><\/div>\t\t\t\t<\/div>\n\t\t\t<\/div>\n\t\t\t<div class=\"qodef-e-text\">\n\t\t\t\t<h2 itemprop=\"name\" class=\"qodef-e-title entry-title\" >\n\t<a itemprop=\"url\" class=\"qodef-e-title-link\" href=\"https:\/\/kupervisao.com\/en\/2025\/03\/10\/olho-seco\/\">\n\t\tDRY EYE\t<\/a>\n<\/h2>\n\t\t<p itemprop=\"description\" class=\"qodef-e-excerpt translation-block\"><strong>Dry eye<\/strong>  is a common eye condition that occurs when the eyes do not produce enough tears or when the quality of the tears is not sufficient to keep the eye surface properly lubricated. This can cause discomfort and even affect vision.<\/p>\n\t\t\t\t<\/div>\n\t\t\t<div class=\"qodef-e-bottom-holder\">\n\t\t\t\t<div class=\"qodef-e-left\">\n\t\t\t\t\t\t<div class=\"qodef-e-read-more\">\n\t\t<a class=\"qodef-shortcode qodef-m  qodef-button qodef-layout--textual  qodef-html--link\" href=\"https:\/\/kupervisao.com\/en\/2025\/03\/10\/olho-seco\/\" target=\"_self\"  >\t<span class=\"qodef-m-text\">Read More<\/span><\/a>\t<\/div>\n\t\t\t\t<\/div>\n\t\t\t<\/div>\n\t\t<\/div>\n\t<\/div>\n<\/article>\n<article class=\"qodef-e qodef-blog-item qodef-grid-item qodef-item--full post-4025 post type-post status-publish format-standard has-post-thumbnail hentry category-visao tag-brands tag-design tag-trends tag-vibrant\">\n\t<div class=\"qodef-e-inner\">\n\t\t<div class=\"qodef-e-media\">\n\t\t<div class=\"qodef-e-media-image\">\n\t\t<a itemprop=\"url\" href=\"https:\/\/kupervisao.com\/en\/2025\/03\/10\/glaucoma\/\">\n\t\t\t<img decoding=\"async\" width=\"1366\" height=\"768\" src=\"https:\/\/kupervisao.com\/wp-content\/uploads\/2025\/03\/Glaucoma.png\" class=\"attachment-full size-full\" alt=\"\" srcset=\"https:\/\/kupervisao.com\/wp-content\/uploads\/2025\/03\/Glaucoma.png 1366w, https:\/\/kupervisao.com\/wp-content\/uploads\/2025\/03\/Glaucoma-300x169.png 300w, https:\/\/kupervisao.com\/wp-content\/uploads\/2025\/03\/Glaucoma-1024x576.png 1024w, https:\/\/kupervisao.com\/wp-content\/uploads\/2025\/03\/Glaucoma-768x432.png 768w, https:\/\/kupervisao.com\/wp-content\/uploads\/2025\/03\/Glaucoma-18x10.png 18w\" sizes=\"(max-width: 1366px) 100vw, 1366px\" \/>\t\t<\/a>\n\t<\/div>\n<\/div>\n\t\t<div class=\"qodef-e-content\">\n\t\t\t<div class=\"qodef-e-top-holder\">\n\t\t\t\t<div class=\"qodef-e-info\" style=\"margin: 6px 0 0 0\">\n\t\t\t\t\t<a itemprop=\"dateCreated\" href=\"https:\/\/kupervisao.com\/en\/2025\/03\/\" class=\"entry-date\">\n\t10 de March, 2025<\/a><div class=\"qodef-info-separator-end\"><\/div><a href=\"https:\/\/kupervisao.com\/en\/category\/visao\/\" rel=\"tag\">Vis\u00e3o<\/a><div class=\"qodef-info-separator-end\"><\/div>\t\t\t\t<\/div>\n\t\t\t<\/div>\n\t\t\t<div class=\"qodef-e-text\">\n\t\t\t\t<h2 itemprop=\"name\" class=\"qodef-e-title entry-title\" >\n\t<a itemprop=\"url\" class=\"qodef-e-title-link\" href=\"https:\/\/kupervisao.com\/en\/2025\/03\/10\/glaucoma\/\">\n\t\tGlaucoma\t<\/a>\n<\/h2>\n\t\t<p itemprop=\"description\" class=\"qodef-e-excerpt\">Glaucoma is an eye disease that affects the optic nerve \u2014 the structure responsible for sending visual information captured by the eyes to the brain.<\/p>\n\t\t\t\t<\/div>\n\t\t\t<div class=\"qodef-e-bottom-holder\">\n\t\t\t\t<div class=\"qodef-e-left\">\n\t\t\t\t\t\t<div class=\"qodef-e-read-more\">\n\t\t<a class=\"qodef-shortcode qodef-m  qodef-button qodef-layout--textual  qodef-html--link\" href=\"https:\/\/kupervisao.com\/en\/2025\/03\/10\/glaucoma\/\" target=\"_self\"  >\t<span class=\"qodef-m-text\">Read More<\/span><\/a>\t<\/div>\n\t\t\t\t<\/div>\n\t\t\t<\/div>\n\t\t<\/div>\n\t<\/div>\n<\/article>\n<article class=\"qodef-e qodef-blog-item qodef-grid-item qodef-item--full post-14221 post type-post status-publish format-standard has-post-thumbnail hentry category-visao tag-visao\">\n\t<div class=\"qodef-e-inner\">\n\t\t<div class=\"qodef-e-media\">\n\t\t<div class=\"qodef-e-media-image\">\n\t\t<a itemprop=\"url\" href=\"https:\/\/kupervisao.com\/en\/2025\/02\/10\/terapia-visual-ou-optometria-comportamental\/\">\n\t\t\t<img decoding=\"async\" width=\"1366\" height=\"768\" src=\"https:\/\/kupervisao.com\/wp-content\/uploads\/2024\/09\/Terapia-Visual-ou-Optometria-comportamental.jpg\" class=\"attachment-full size-full\" alt=\"\" srcset=\"https:\/\/kupervisao.com\/wp-content\/uploads\/2024\/09\/Terapia-Visual-ou-Optometria-comportamental.jpg 1366w, https:\/\/kupervisao.com\/wp-content\/uploads\/2024\/09\/Terapia-Visual-ou-Optometria-comportamental-300x169.jpg 300w, https:\/\/kupervisao.com\/wp-content\/uploads\/2024\/09\/Terapia-Visual-ou-Optometria-comportamental-1024x576.jpg 1024w, https:\/\/kupervisao.com\/wp-content\/uploads\/2024\/09\/Terapia-Visual-ou-Optometria-comportamental-768x432.jpg 768w\" sizes=\"(max-width: 1366px) 100vw, 1366px\" \/>\t\t<\/a>\n\t<\/div>\n<\/div>\n\t\t<div class=\"qodef-e-content\">\n\t\t\t<div class=\"qodef-e-top-holder\">\n\t\t\t\t<div class=\"qodef-e-info\" style=\"margin: 6px 0 0 0\">\n\t\t\t\t\t<a itemprop=\"dateCreated\" href=\"https:\/\/kupervisao.com\/en\/2025\/02\/\" class=\"entry-date\">\n\t10 de February, 2025<\/a><div class=\"qodef-info-separator-end\"><\/div><a href=\"https:\/\/kupervisao.com\/en\/category\/visao\/\" rel=\"tag\">Vis\u00e3o<\/a><div class=\"qodef-info-separator-end\"><\/div>\t\t\t\t<\/div>\n\t\t\t<\/div>\n\t\t\t<div class=\"qodef-e-text\">\n\t\t\t\t<h2 itemprop=\"name\" class=\"qodef-e-title entry-title\" >\n\t<a itemprop=\"url\" class=\"qodef-e-title-link\" href=\"https:\/\/kupervisao.com\/en\/2025\/02\/10\/terapia-visual-ou-optometria-comportamental\/\">\n\t\tVISUAL THERAPY OR BEHAVIORAL OPTOMETRY\t<\/a>\n<\/h2>\n\t\t<p itemprop=\"description\" class=\"qodef-e-excerpt\">It is a generic term for alternative medicine treatments that use eye exercises.\n<\/p>\n\t\t\t\t<\/div>\n\t\t\t<div class=\"qodef-e-bottom-holder\">\n\t\t\t\t<div class=\"qodef-e-left\">\n\t\t\t\t\t\t<div class=\"qodef-e-read-more\">\n\t\t<a class=\"qodef-shortcode qodef-m  qodef-button qodef-layout--textual  qodef-html--link\" href=\"https:\/\/kupervisao.com\/en\/2025\/02\/10\/terapia-visual-ou-optometria-comportamental\/\" target=\"_self\"  >\t<span class=\"qodef-m-text\">Read More<\/span><\/a>\t<\/div>\n\t\t\t\t<\/div>\n\t\t\t<\/div>\n\t\t<\/div>\n\t<\/div>\n<\/article>\n<article class=\"qodef-e qodef-blog-item qodef-grid-item qodef-item--full post-13019 post type-post status-publish format-standard has-post-thumbnail hentry category-visao tag-visao\">\n\t<div class=\"qodef-e-inner\">\n\t\t<div class=\"qodef-e-media\">\n\t\t<div class=\"qodef-e-media-image\">\n\t\t<a itemprop=\"url\" href=\"https:\/\/kupervisao.com\/en\/2025\/01\/22\/oculos-de-sol-nos-dias-nublados\/\">\n\t\t\t<img loading=\"lazy\" decoding=\"async\" width=\"1366\" height=\"768\" src=\"https:\/\/kupervisao.com\/wp-content\/uploads\/2025\/01\/Oculos-de-sol.png\" class=\"attachment-full size-full\" alt=\"\" srcset=\"https:\/\/kupervisao.com\/wp-content\/uploads\/2025\/01\/Oculos-de-sol.png 1366w, https:\/\/kupervisao.com\/wp-content\/uploads\/2025\/01\/Oculos-de-sol-300x169.png 300w, https:\/\/kupervisao.com\/wp-content\/uploads\/2025\/01\/Oculos-de-sol-1024x576.png 1024w, https:\/\/kupervisao.com\/wp-content\/uploads\/2025\/01\/Oculos-de-sol-768x432.png 768w, https:\/\/kupervisao.com\/wp-content\/uploads\/2025\/01\/Oculos-de-sol-18x10.png 18w\" sizes=\"(max-width: 1366px) 100vw, 1366px\" \/>\t\t<\/a>\n\t<\/div>\n<\/div>\n\t\t<div class=\"qodef-e-content\">\n\t\t\t<div class=\"qodef-e-top-holder\">\n\t\t\t\t<div class=\"qodef-e-info\" style=\"margin: 6px 0 0 0\">\n\t\t\t\t\t<a itemprop=\"dateCreated\" href=\"https:\/\/kupervisao.com\/en\/2025\/01\/\" class=\"entry-date\">\n\t22 de January, 2025<\/a><div class=\"qodef-info-separator-end\"><\/div><a href=\"https:\/\/kupervisao.com\/en\/category\/visao\/\" rel=\"tag\">Vis\u00e3o<\/a><div class=\"qodef-info-separator-end\"><\/div>\t\t\t\t<\/div>\n\t\t\t<\/div>\n\t\t\t<div class=\"qodef-e-text\">\n\t\t\t\t<h2 itemprop=\"name\" class=\"qodef-e-title entry-title\" >\n\t<a itemprop=\"url\" class=\"qodef-e-title-link\" href=\"https:\/\/kupervisao.com\/en\/2025\/01\/22\/oculos-de-sol-nos-dias-nublados\/\">\n\t\tSunglasses on cloudy days? YES! And here\u2019s why:\t<\/a>\n<\/h2>\n\t\t<p itemprop=\"description\" class=\"qodef-e-excerpt\">Did you know that even on cloudy days, up to 80% of UV rays can pass through the clouds? These rays can cause long-term damage to your vision, such as:<\/p>\n\t\t\t\t<\/div>\n\t\t\t<div class=\"qodef-e-bottom-holder\">\n\t\t\t\t<div class=\"qodef-e-left\">\n\t\t\t\t\t\t<div class=\"qodef-e-read-more\">\n\t\t<a class=\"qodef-shortcode qodef-m  qodef-button qodef-layout--textual  qodef-html--link\" href=\"https:\/\/kupervisao.com\/en\/2025\/01\/22\/oculos-de-sol-nos-dias-nublados\/\" target=\"_self\"  >\t<span class=\"qodef-m-text\">Read More<\/span><\/a>\t<\/div>\n\t\t\t\t<\/div>\n\t\t\t<\/div>\n\t\t<\/div>\n\t<\/div>\n<\/article>\n<article class=\"qodef-e qodef-blog-item qodef-grid-item qodef-item--full post-14213 post type-post status-publish format-standard has-post-thumbnail hentry category-visao tag-visao\">\n\t<div class=\"qodef-e-inner\">\n\t\t<div class=\"qodef-e-media\">\n\t\t<div class=\"qodef-e-media-image\">\n\t\t<a itemprop=\"url\" href=\"https:\/\/kupervisao.com\/en\/2024\/09\/10\/no-verao-oculos-de-sol-ou-lentes-de-contacto\/\">\n\t\t\t<img loading=\"lazy\" decoding=\"async\" width=\"1366\" height=\"768\" src=\"https:\/\/kupervisao.com\/wp-content\/uploads\/2024\/09\/No-verao_-oculos-de-sol-ou-lentes-de-contacto.jpg\" class=\"attachment-full size-full\" alt=\"\" srcset=\"https:\/\/kupervisao.com\/wp-content\/uploads\/2024\/09\/No-verao_-oculos-de-sol-ou-lentes-de-contacto.jpg 1366w, https:\/\/kupervisao.com\/wp-content\/uploads\/2024\/09\/No-verao_-oculos-de-sol-ou-lentes-de-contacto-300x169.jpg 300w, https:\/\/kupervisao.com\/wp-content\/uploads\/2024\/09\/No-verao_-oculos-de-sol-ou-lentes-de-contacto-1024x576.jpg 1024w, https:\/\/kupervisao.com\/wp-content\/uploads\/2024\/09\/No-verao_-oculos-de-sol-ou-lentes-de-contacto-768x432.jpg 768w\" sizes=\"(max-width: 1366px) 100vw, 1366px\" \/>\t\t<\/a>\n\t<\/div>\n<\/div>\n\t\t<div class=\"qodef-e-content\">\n\t\t\t<div class=\"qodef-e-top-holder\">\n\t\t\t\t<div class=\"qodef-e-info\" style=\"margin: 6px 0 0 0\">\n\t\t\t\t\t<a itemprop=\"dateCreated\" href=\"https:\/\/kupervisao.com\/en\/2024\/09\/\" class=\"entry-date\">\n\t10 de September, 2024<\/a><div class=\"qodef-info-separator-end\"><\/div><a href=\"https:\/\/kupervisao.com\/en\/category\/visao\/\" rel=\"tag\">Vis\u00e3o<\/a><div class=\"qodef-info-separator-end\"><\/div>\t\t\t\t<\/div>\n\t\t\t<\/div>\n\t\t\t<div class=\"qodef-e-text\">\n\t\t\t\t<h2 itemprop=\"name\" class=\"qodef-e-title entry-title\" >\n\t<a itemprop=\"url\" class=\"qodef-e-title-link\" href=\"https:\/\/kupervisao.com\/en\/2024\/09\/10\/no-verao-oculos-de-sol-ou-lentes-de-contacto\/\">\n\t\tSUMMER: SUNGLASSES OR CONTACT LENSES?\t<\/a>\n<\/h2>\n\t\t<p itemprop=\"description\" class=\"qodef-e-excerpt\">If you are one of those people who likes to spend the day at the sea or in the pool, be careful with the use of contact lenses, any contact with water can be harmful to your vision!\nIf you like running even in high temperatures, contact lenses are the best option, as they avoid the discomfort of glasses slipping. <\/p>\n\t\t\t\t<\/div>\n\t\t\t<div class=\"qodef-e-bottom-holder\">\n\t\t\t\t<div class=\"qodef-e-left\">\n\t\t\t\t\t\t<div class=\"qodef-e-read-more\">\n\t\t<a class=\"qodef-shortcode qodef-m  qodef-button qodef-layout--textual  qodef-html--link\" href=\"https:\/\/kupervisao.com\/en\/2024\/09\/10\/no-verao-oculos-de-sol-ou-lentes-de-contacto\/\" target=\"_self\"  >\t<span class=\"qodef-m-text\">Read More<\/span><\/a>\t<\/div>\n\t\t\t\t<\/div>\n\t\t\t<\/div>\n\t\t<\/div>\n\t<\/div>\n<\/article>\n\t<\/div>\n\t\t<div class=\"qodef-m-pagination qodef--standard\">\n\t\t<div class=\"qodef-m-pagination-inner\">\n\t\t\t<nav class=\"qodef-m-pagination-items\">\n\t\t\t\t<a class=\"qodef-m-pagination-item qodef--prev qodef--hide\" href=\"#\" data-paged=\"1\">\n\t\t\t\t\t<svg  xmlns=\"http:\/\/www.w3.org\/2000\/svg\" xmlns:xlink=\"http:\/\/www.w3.org\/1999\/xlink\" x=\"0px\" y=\"0px\" width=\"6.344px\" height=\"10.906px\" viewbox=\"0 0 6.344 10.906\" enable-background=\"new 0 0 6.344 10.906\" xml:space=\"preserve\"><g><path d=\"M5.883,10.41c-0.329,0.315-0.652,0.315-0.967,0L0.447,5.942C0.304,5.827,0.232,5.67,0.232,5.469 s0.072-0.358,0.215-0.473l4.468-4.468c0.316-0.315,0.638-0.315,0.967,0c0.331,0.315,0.323,0.63-0.021,0.945L1.908,5.469 l3.953,3.996C6.205,9.78,6.212,10.095,5.883,10.41z\"\/><\/g><\/svg>\t\t\t\t<\/a>\n\t\t\t\t\t\t\t\t\t<a class=\"qodef-m-pagination-item qodef--number qodef--number-1 qodef--active qodef-prev--hidden\" href=\"#\" data-paged=\"1\">01<\/a>\n\t\t\t\t\t\t\t\t\t\t\t\t\t\t<a class=\"qodef-m-pagination-item qodef--number qodef--number-2\" href=\"#\" data-paged=\"2\">02<\/a>\n\t\t\t\t\t\t\t\t\t\t\t\t\t<a class=\"qodef-m-pagination-item qodef--next\" href=\"#\" data-paged=\"2\">\n\t\t\t\t\t<svg  xmlns=\"http:\/\/www.w3.org\/2000\/svg\" xmlns:xlink=\"http:\/\/www.w3.org\/1999\/xlink\" x=\"0px\" y=\"0px\"\twidth=\"6.344px\" height=\"10.906px\" viewbox=\"0 0 6.344 10.906\" enable-background=\"new 0 0 6.344 10.906\" xml:space=\"preserve\"><g><path d=\"M0.496,9.465l3.953-3.996L0.496,1.473c-0.344-0.315-0.352-0.63-0.021-0.945 c0.329-0.315,0.651-0.315,0.967,0L5.91,4.996c0.143,0.115,0.215,0.272,0.215,0.473c0,0.201-0.072,0.358-0.215,0.473L1.441,10.41 c-0.315,0.315-0.638,0.315-0.967,0C0.145,10.095,0.152,9.78,0.496,9.465z\"\/><\/g><\/svg>\t\t\t\t<\/a>\n\t\t\t<\/nav>\n\t\t<\/div>\n\t<\/div>\n\t<svg class=\"qodef-m-pagination-spinner\" viewbox=\"0 0 100 100\"><g><circle cx=\"50\" cy=\"50\" r=\"50\"><\/circle><circle cx=\"5\" cy=\"50\" r=\"4\"><\/circle><circle cx=\"95\" cy=\"50\" r=\"4\"><\/circle><\/g><\/svg><\/div>\n\t\t<\/div>\n\t\t\t\t<\/div>\n\t\t\t\t\t<\/div>\n\t\t<\/div>\n\t\t\t\t\t<\/div>\n\t\t<\/section>\n\t\t\t\t<\/div>","protected":false},"excerpt":{"rendered":"<p>22 de Janeiro, 2025Vis\u00e3o \u00d3culos de sol nos dias nublados? SIM! E aqui est\u00e1 o porqu\u00ea: Sabia que mesmo em dias nublados, at\u00e9 80% dos raios UV conseguem atravessar as nuvens? Esses raios podem causar danos \u00e0 sua vis\u00e3o a longo prazo, como: Cataratas Degenera\u00e7\u00e3o macular Envelhecimento precoce da pele ao redor dos olhos Read [&hellip;]<\/p>","protected":false},"author":1,"featured_media":14595,"parent":0,"menu_order":0,"comment_status":"closed","ping_status":"closed","template":"","meta":{"footnotes":""},"class_list":["post-3863","page","type-page","status-publish","has-post-thumbnail","hentry"],"_links":{"self":[{"href":"https:\/\/kupervisao.com\/en\/wp-json\/wp\/v2\/pages\/3863","targetHints":{"allow":["GET"]}}],"collection":[{"href":"https:\/\/kupervisao.com\/en\/wp-json\/wp\/v2\/pages"}],"about":[{"href":"https:\/\/kupervisao.com\/en\/wp-json\/wp\/v2\/types\/page"}],"author":[{"embeddable":true,"href":"https:\/\/kupervisao.com\/en\/wp-json\/wp\/v2\/users\/1"}],"replies":[{"embeddable":true,"href":"https:\/\/kupervisao.com\/en\/wp-json\/wp\/v2\/comments?post=3863"}],"version-history":[{"count":7,"href":"https:\/\/kupervisao.com\/en\/wp-json\/wp\/v2\/pages\/3863\/revisions"}],"predecessor-version":[{"id":14605,"href":"https:\/\/kupervisao.com\/en\/wp-json\/wp\/v2\/pages\/3863\/revisions\/14605"}],"wp:featuredmedia":[{"embeddable":true,"href":"https:\/\/kupervisao.com\/en\/wp-json\/wp\/v2\/media\/14595"}],"wp:attachment":[{"href":"https:\/\/kupervisao.com\/en\/wp-json\/wp\/v2\/media?parent=3863"}],"curies":[{"name":"wp","href":"https:\/\/api.w.org\/{rel}","templated":true}]}}