{"id":3441,"date":"2021-07-29T12:13:16","date_gmt":"2021-07-29T12:13:16","guid":{"rendered":"https:\/\/neoocular.qodeinteractive.com\/?page_id=3441"},"modified":"2024-09-19T11:01:22","modified_gmt":"2024-09-19T11:01:22","slug":"easypay","status":"publish","type":"page","link":"https:\/\/kupervisao.com\/en\/easypay\/","title":{"rendered":"EASYPAY"},"content":{"rendered":"<div data-elementor-type=\"wp-page\" data-elementor-id=\"3441\" class=\"elementor elementor-3441\">\n\t\t\t\t\t\t<section class=\"elementor-section elementor-top-section elementor-element elementor-element-b93740a qodef-elementor-content-grid elementor-section-boxed elementor-section-height-default elementor-section-height-default\" data-id=\"b93740a\" data-element_type=\"section\">\n\t\t\t\t\t\t<div class=\"elementor-container elementor-column-gap-default\">\n\t\t\t\t\t<div class=\"elementor-column elementor-col-50 elementor-top-column elementor-element elementor-element-d40ce1e\" data-id=\"d40ce1e\" data-element_type=\"column\">\n\t\t\t<div class=\"elementor-widget-wrap elementor-element-populated\">\n\t\t\t\t\t\t<div class=\"elementor-element elementor-element-c05c9d5 elementor-widget elementor-widget-neoocular_core_single_image\" data-id=\"c05c9d5\" data-element_type=\"widget\" data-widget_type=\"neoocular_core_single_image.default\">\n\t\t\t\t<div class=\"elementor-widget-container\">\n\t\t\t<div class=\"qodef-shortcode qodef-m  qodef-single-image qodef-layout--default\">\n\t\t<div class=\"qodef-m-image\">\n\t\t\t\t\t<img fetchpriority=\"high\" decoding=\"async\" width=\"408\" height=\"124\" src=\"https:\/\/kupervisao.com\/wp-content\/uploads\/2024\/05\/Cofidis-Pay.png\" class=\"attachment-full size-full\" alt=\"\" srcset=\"https:\/\/kupervisao.com\/wp-content\/uploads\/2024\/05\/Cofidis-Pay.png 408w, https:\/\/kupervisao.com\/wp-content\/uploads\/2024\/05\/Cofidis-Pay-300x91.png 300w\" sizes=\"(max-width: 408px) 100vw, 408px\" \/>\t\t\t<\/div>\n<\/div>\n\t\t<\/div>\n\t\t\t\t<\/div>\n\t\t\t\t<div class=\"elementor-element elementor-element-9becb30 elementor-widget elementor-widget-neoocular_core_pricing_table\" data-id=\"9becb30\" data-element_type=\"widget\" data-widget_type=\"neoocular_core_pricing_table.default\">\n\t\t\t\t<div class=\"elementor-widget-container\">\n\t\t\t<div class=\"qodef-shortcode qodef-m  qodef-pricing-table qodef-layout--standard qodef-status--regular\" >\n\t<div class=\"qodef-m-inner\">\n\t\t\t<div class=\"qodef-m-title\">\n\t\t<h3 style=\"color: #000000\">Codifis Pay<\/h3>\n\t<\/div>\n\t\t\t<div class=\"qodef-m-price\">\n\t\t<div class=\"qodef-m-price-wrapper qodef-h1\" >\n\t\t\t\t\t\t<span class=\"qodef-m-price-value\">EASY PAYMENT IN UP TO 12 INSTALLMENTS WITHOUT INTEREST OR CHARGES<\/span>\n\t\t\t\t\t<\/div>\n\t<\/div>\n\t\t\t<div class=\"qodef-m-content\"><div class=\"qodef-icon-list-item qodef-icon--icon-pack\"><p><strong>How to buy with CofidisPay:<\/strong><\/p><p>At \u00d3ptica Kupervis\u00e3o it is possible to sign up to the CofidisPay service quickly, simply and transparently.<\/p><p>Split the payment of invoices from \u20ac60 to \u20ac2,500 in 3 to 12 installments without interest or other charges.<\/p><p>Payment of installments is made using the debit or credit card that the customer uses to authorize payments.<\/p><p>Legal authorization obtained by \u00abOne Time Password\u00bb code received via SMS debit or credit with 3DS\/strong authentication.<\/p><p>Access to payment and\/or financing via a Factoring operation, and not consumer credit, based on a quick, simple and transparent process, via the internet available on an APP.<\/p><\/div><\/div>\n\t\t\t<div class=\"qodef-m-button clear\">\n\t\t<a class=\"qodef-shortcode qodef-m  qodef-button qodef-layout--outlined  qodef-html--link\" href=\"https:\/\/kupervisao.com\/en\/as-nossas-opticas\/\" target=\"_self\"  style=\"margin: 35px 0px 0px;padding: 14px 64px\">\t<span class=\"qodef-m-text\">Find out more in store<\/span><\/a>\t<\/div>\n\t<\/div>\n<\/div>\n\t\t<\/div>\n\t\t\t\t<\/div>\n\t\t\t\t\t<\/div>\n\t\t<\/div>\n\t\t\t\t<div class=\"elementor-column elementor-col-50 elementor-top-column elementor-element elementor-element-9329c8f\" data-id=\"9329c8f\" data-element_type=\"column\">\n\t\t\t<div class=\"elementor-widget-wrap elementor-element-populated\">\n\t\t\t\t\t\t<div class=\"elementor-element elementor-element-5bfee9c elementor-widget elementor-widget-neoocular_core_single_image\" data-id=\"5bfee9c\" data-element_type=\"widget\" data-widget_type=\"neoocular_core_single_image.default\">\n\t\t\t\t<div class=\"elementor-widget-container\">\n\t\t\t<div class=\"qodef-shortcode qodef-m  qodef-single-image qodef-layout--default\">\n\t\t<div class=\"qodef-m-image\">\n\t\t\t\t\t<img decoding=\"async\" width=\"423\" height=\"119\" src=\"https:\/\/kupervisao.com\/wp-content\/uploads\/2024\/05\/cetelem.png\" class=\"attachment-full size-full\" alt=\"\" srcset=\"https:\/\/kupervisao.com\/wp-content\/uploads\/2024\/05\/cetelem.png 423w, https:\/\/kupervisao.com\/wp-content\/uploads\/2024\/05\/cetelem-300x84.png 300w\" sizes=\"(max-width: 423px) 100vw, 423px\" \/>\t\t\t<\/div>\n<\/div>\n\t\t<\/div>\n\t\t\t\t<\/div>\n\t\t\t\t<div class=\"elementor-element elementor-element-354557f elementor-widget elementor-widget-neoocular_core_pricing_table\" data-id=\"354557f\" data-element_type=\"widget\" data-widget_type=\"neoocular_core_pricing_table.default\">\n\t\t\t\t<div class=\"elementor-widget-container\">\n\t\t\t<div class=\"qodef-shortcode qodef-m  qodef-pricing-table qodef-layout--standard qodef-status--regular\" >\n\t<div class=\"qodef-m-inner\">\n\t\t\t<div class=\"qodef-m-title\">\n\t\t<h3 style=\"color: #000000\">CETELEM<\/h3>\n\t<\/div>\n\t\t\t\t\t\t\t<div class=\"qodef-m-button clear\">\n\t\t<a class=\"qodef-shortcode qodef-m  qodef-button qodef-layout--outlined  qodef-html--link\" href=\"https:\/\/kupervisao.com\/en\/as-nossas-opticas\/\" target=\"_self\"  style=\"margin: 35px 0px 0px;padding: 14px 64px\">\t<span class=\"qodef-m-text\">Find out more in store<\/span><\/a>\t<\/div>\n\t<\/div>\n<\/div>\n\t\t<\/div>\n\t\t\t\t<\/div>\n\t\t\t\t\t<\/div>\n\t\t<\/div>\n\t\t\t\t\t<\/div>\n\t\t<\/section>\n\t\t\t\t<\/div>","protected":false},"excerpt":{"rendered":"<p>Codifis Pay PAGAMENTO FACILITADO AT\u00c9 12 PRESTA\u00c7\u00d5ES SEM JUROS OU ENCARGOS Como comprar com CofidisPay: Na \u00d3ptica Kupervis\u00e3o \u00e9 poss\u00edvel aderir ao servi\u00e7o CofidisPay de forma r\u00e1pida, simples e transparente. Fracionar o pagamento de faturas de \u20ac60 a \u20ac2.500 em 3 a 12 presta\u00e7\u00f5es sem juros ou outros encargos. O pagamento das presta\u00e7\u00f5es \u00e9 realizado [&hellip;]<\/p>","protected":false},"author":1,"featured_media":0,"parent":0,"menu_order":0,"comment_status":"closed","ping_status":"closed","template":"page-full-width.php","meta":{"footnotes":""},"class_list":["post-3441","page","type-page","status-publish","hentry"],"_links":{"self":[{"href":"https:\/\/kupervisao.com\/en\/wp-json\/wp\/v2\/pages\/3441","targetHints":{"allow":["GET"]}}],"collection":[{"href":"https:\/\/kupervisao.com\/en\/wp-json\/wp\/v2\/pages"}],"about":[{"href":"https:\/\/kupervisao.com\/en\/wp-json\/wp\/v2\/types\/page"}],"author":[{"embeddable":true,"href":"https:\/\/kupervisao.com\/en\/wp-json\/wp\/v2\/users\/1"}],"replies":[{"embeddable":true,"href":"https:\/\/kupervisao.com\/en\/wp-json\/wp\/v2\/comments?post=3441"}],"version-history":[{"count":36,"href":"https:\/\/kupervisao.com\/en\/wp-json\/wp\/v2\/pages\/3441\/revisions"}],"predecessor-version":[{"id":14435,"href":"https:\/\/kupervisao.com\/en\/wp-json\/wp\/v2\/pages\/3441\/revisions\/14435"}],"wp:attachment":[{"href":"https:\/\/kupervisao.com\/en\/wp-json\/wp\/v2\/media?parent=3441"}],"curies":[{"name":"wp","href":"https:\/\/api.w.org\/{rel}","templated":true}]}}