{"id":3396,"date":"2021-07-29T11:47:49","date_gmt":"2021-07-29T11:47:49","guid":{"rendered":"https:\/\/neoocular.qodeinteractive.com\/?page_id=3396"},"modified":"2024-09-19T11:39:36","modified_gmt":"2024-09-19T11:39:36","slug":"marcacoes","status":"publish","type":"page","link":"https:\/\/kupervisao.com\/en\/marcacoes\/","title":{"rendered":"APPOINTMENTS"},"content":{"rendered":"<div data-elementor-type=\"wp-page\" data-elementor-id=\"3396\" class=\"elementor elementor-3396\">\n\t\t\t\t\t\t<section class=\"elementor-section elementor-top-section elementor-element elementor-element-9e2b2ee qodef-elementor-content-grid elementor-section-full_width elementor-section-height-default elementor-section-height-default\" data-id=\"9e2b2ee\" data-element_type=\"section\">\n\t\t\t\t\t\t<div class=\"elementor-container elementor-column-gap-default\">\n\t\t\t\t\t<div class=\"elementor-column elementor-col-50 elementor-top-column elementor-element elementor-element-68710df\" data-id=\"68710df\" data-element_type=\"column\">\n\t\t\t<div class=\"elementor-widget-wrap elementor-element-populated\">\n\t\t\t\t\t\t<div class=\"elementor-element elementor-element-7d7d631 elementor-widget elementor-widget-neoocular_core_section_title\" data-id=\"7d7d631\" data-element_type=\"widget\" data-widget_type=\"neoocular_core_section_title.default\">\n\t\t\t\t<div class=\"elementor-widget-container\">\n\t\t\t<div class=\"qodef-shortcode qodef-m  qodef-section-title qodef-alignment--left\">\n\t\t<h3 class=\"qodef-m-title\" >\n\t\t\t\t\tPaulo Mendon\u00e7a\t\t\t\t\t<\/h3>\n\t\t\t<\/div>\n\t\t<\/div>\n\t\t\t\t<\/div>\n\t\t\t\t<section class=\"elementor-section elementor-inner-section elementor-element elementor-element-16a0c00 elementor-section-full_width elementor-section-height-default elementor-section-height-default qodef-elementor-content-no\" data-id=\"16a0c00\" data-element_type=\"section\">\n\t\t\t\t\t\t<div class=\"elementor-container elementor-column-gap-default\">\n\t\t\t\t\t<div class=\"elementor-column elementor-col-50 elementor-inner-column elementor-element elementor-element-f8d42f2\" data-id=\"f8d42f2\" data-element_type=\"column\">\n\t\t\t<div class=\"elementor-widget-wrap elementor-element-populated\">\n\t\t\t\t\t\t<div class=\"elementor-element elementor-element-7ea0892 elementor-widget elementor-widget-neoocular_core_section_title\" data-id=\"7ea0892\" data-element_type=\"widget\" data-widget_type=\"neoocular_core_section_title.default\">\n\t\t\t\t<div class=\"elementor-widget-container\">\n\t\t\t<div class=\"qodef-shortcode qodef-m  qodef-section-title qodef-alignment--left\">\n\t\t<h6 class=\"qodef-m-title\" >\n\t\t\t\t\tSpecialist in:  \t\t\t\t\t<\/h6>\n\t\t\t<\/div>\n\t\t<\/div>\n\t\t\t\t<\/div>\n\t\t\t\t\t<\/div>\n\t\t<\/div>\n\t\t\t\t<div class=\"elementor-column elementor-col-50 elementor-inner-column elementor-element elementor-element-a51cd44\" data-id=\"a51cd44\" data-element_type=\"column\">\n\t\t\t<div class=\"elementor-widget-wrap elementor-element-populated\">\n\t\t\t\t\t\t<div class=\"elementor-element elementor-element-e3306e7 elementor-widget__width-initial elementor-widget elementor-widget-text-editor\" data-id=\"e3306e7\" data-element_type=\"widget\" data-widget_type=\"text-editor.default\">\n\t\t\t\t<div class=\"elementor-widget-container\">\n\t\t\t<style>\/*! elementor - v3.21.0 - 25-04-2024 *\/\n.elementor-widget-text-editor.elementor-drop-cap-view-stacked .elementor-drop-cap{background-color:#69727d;color:#fff}.elementor-widget-text-editor.elementor-drop-cap-view-framed .elementor-drop-cap{color:#69727d;border:3px solid;background-color:transparent}.elementor-widget-text-editor:not(.elementor-drop-cap-view-default) .elementor-drop-cap{margin-top:8px}.elementor-widget-text-editor:not(.elementor-drop-cap-view-default) .elementor-drop-cap-letter{width:1em;height:1em}.elementor-widget-text-editor .elementor-drop-cap{float:left;text-align:center;line-height:1;font-size:50px}.elementor-widget-text-editor .elementor-drop-cap-letter{display:inline-block}<\/style>\t\t\t\t<p>Optometry in the aspect of human behavior and vision therapy<\/p>\t\t\t\t\t\t<\/div>\n\t\t\t\t<\/div>\n\t\t\t\t\t<\/div>\n\t\t<\/div>\n\t\t\t\t\t<\/div>\n\t\t<\/section>\n\t\t\t\t<div class=\"elementor-element elementor-element-b4081c3 elementor-widget elementor-widget-text-editor\" data-id=\"b4081c3\" data-element_type=\"widget\" data-widget_type=\"text-editor.default\">\n\t\t\t\t<div class=\"elementor-widget-container\">\n\t\t\t\t\t\t\t<div class=\"gmail_default\">Treat the true cause behind the symptom, carrying out programs aimed at each patient individually.<\/div><div class=\"gmail_default\">\u00a0<\/div><div class=\"gmail_default\"><b>Causes related to visual problems, such as:<\/b>\u00a0<\/div><div class=\"gmail_default\">Oculomotricity l Sensory l Accommodative l Vergencial l Amblyopia l Strabismus l Pediatric l Perceptual<\/div>\t\t\t\t\t\t<\/div>\n\t\t\t\t<\/div>\n\t\t\t\t<div class=\"elementor-element elementor-element-5428e6e elementor-widget elementor-widget-spacer\" data-id=\"5428e6e\" data-element_type=\"widget\" data-widget_type=\"spacer.default\">\n\t\t\t\t<div class=\"elementor-widget-container\">\n\t\t\t<style>\/*! elementor - v3.21.0 - 25-04-2024 *\/\n.elementor-column .elementor-spacer-inner{height:var(--spacer-size)}.e-con{--container-widget-width:100%}.e-con-inner>.elementor-widget-spacer,.e-con>.elementor-widget-spacer{width:var(--container-widget-width,var(--spacer-size));--align-self:var(--container-widget-align-self,initial);--flex-shrink:0}.e-con-inner>.elementor-widget-spacer>.elementor-widget-container,.e-con>.elementor-widget-spacer>.elementor-widget-container{height:100%;width:100%}.e-con-inner>.elementor-widget-spacer>.elementor-widget-container>.elementor-spacer,.e-con>.elementor-widget-spacer>.elementor-widget-container>.elementor-spacer{height:100%}.e-con-inner>.elementor-widget-spacer>.elementor-widget-container>.elementor-spacer>.elementor-spacer-inner,.e-con>.elementor-widget-spacer>.elementor-widget-container>.elementor-spacer>.elementor-spacer-inner{height:var(--container-widget-height,var(--spacer-size))}.e-con-inner>.elementor-widget-spacer.elementor-widget-empty,.e-con>.elementor-widget-spacer.elementor-widget-empty{position:relative;min-height:22px;min-width:22px}.e-con-inner>.elementor-widget-spacer.elementor-widget-empty .elementor-widget-empty-icon,.e-con>.elementor-widget-spacer.elementor-widget-empty .elementor-widget-empty-icon{position:absolute;top:0;bottom:0;left:0;right:0;margin:auto;padding:0;width:22px;height:22px}<\/style>\t\t<div class=\"elementor-spacer\">\n\t\t\t<div class=\"elementor-spacer-inner\"><\/div>\n\t\t<\/div>\n\t\t\t\t<\/div>\n\t\t\t\t<\/div>\n\t\t\t\t<div class=\"elementor-element elementor-element-70b2d31 elementor-widget elementor-widget-neoocular_core_button\" data-id=\"70b2d31\" data-element_type=\"widget\" data-widget_type=\"neoocular_core_button.default\">\n\t\t\t\t<div class=\"elementor-widget-container\">\n\t\t\t<a class=\"qodef-shortcode qodef-m  qodef-button qodef-layout--filled  qodef-html--link qodef-layout--custom\" href=\"https:\/\/kupervisao.com\/en\/marcacoes\/#Agendamento\" target=\"_self\"  style=\"--qode-button-color: #FFFFFF;--qode-button-background-color: #1C1C1C;--qode-button-border-color: #1C1C1C;--qode-button-hover-color: #FFFFFF;--qode-button-hover-background-color: #000000;--qode-button-hover-border-color: #000000\">\n\t<span class=\"qodef-m-text\">Book your appointment<\/span>\n<\/a>\n\t\t<\/div>\n\t\t\t\t<\/div>\n\t\t\t\t\t<\/div>\n\t\t<\/div>\n\t\t\t\t<div class=\"elementor-column elementor-col-50 elementor-top-column elementor-element elementor-element-5efd56a\" data-id=\"5efd56a\" data-element_type=\"column\">\n\t\t\t<div class=\"elementor-widget-wrap elementor-element-populated\">\n\t\t\t\t\t\t<div class=\"elementor-element elementor-element-075d345 elementor-widget elementor-widget-neoocular_core_single_image\" data-id=\"075d345\" data-element_type=\"widget\" data-widget_type=\"neoocular_core_single_image.default\">\n\t\t\t\t<div class=\"elementor-widget-container\">\n\t\t\t<div class=\"qodef-shortcode qodef-m  qodef-single-image qodef-layout--default\">\n\t\t<div class=\"qodef-m-image\">\n\t\t\t\t\t<img fetchpriority=\"high\" decoding=\"async\" width=\"800\" height=\"1006\" src=\"https:\/\/kupervisao.com\/wp-content\/uploads\/2021\/08\/Paulo-Mendonca.jpg\" class=\"attachment-full size-full\" alt=\"\" srcset=\"https:\/\/kupervisao.com\/wp-content\/uploads\/2021\/08\/Paulo-Mendonca.jpg 800w, https:\/\/kupervisao.com\/wp-content\/uploads\/2021\/08\/Paulo-Mendonca-239x300.jpg 239w, https:\/\/kupervisao.com\/wp-content\/uploads\/2021\/08\/Paulo-Mendonca-768x966.jpg 768w\" sizes=\"(max-width: 800px) 100vw, 800px\" \/>\t\t\t<\/div>\n<\/div>\n\t\t<\/div>\n\t\t\t\t<\/div>\n\t\t\t\t\t<\/div>\n\t\t<\/div>\n\t\t\t\t\t<\/div>\n\t\t<\/section>\n\t\t\t\t<section class=\"elementor-section elementor-top-section elementor-element elementor-element-6afec47 qodef-elementor-content-grid elementor-section-boxed elementor-section-height-default elementor-section-height-default\" data-id=\"6afec47\" data-element_type=\"section\">\n\t\t\t\t\t\t<div class=\"elementor-container elementor-column-gap-default\">\n\t\t\t\t\t<div class=\"elementor-column elementor-col-100 elementor-top-column elementor-element elementor-element-4be3cdf\" data-id=\"4be3cdf\" data-element_type=\"column\">\n\t\t\t<div class=\"elementor-widget-wrap elementor-element-populated\">\n\t\t\t\t\t\t<div class=\"elementor-element elementor-element-2a029d9 elementor-widget elementor-widget-menu-anchor\" data-id=\"2a029d9\" data-element_type=\"widget\" data-widget_type=\"menu-anchor.default\">\n\t\t\t\t<div class=\"elementor-widget-container\">\n\t\t\t<style>\/*! elementor - v3.21.0 - 25-04-2024 *\/\nbody.elementor-page .elementor-widget-menu-anchor{margin-bottom:0}<\/style>\t\t<div class=\"elementor-menu-anchor\" id=\"Agendamento\"><\/div>\n\t\t\t\t<\/div>\n\t\t\t\t<\/div>\n\t\t\t\t<div class=\"elementor-element elementor-element-e998359 elementor-widget elementor-widget-neoocular_core_section_title\" data-id=\"e998359\" data-element_type=\"widget\" data-widget_type=\"neoocular_core_section_title.default\">\n\t\t\t\t<div class=\"elementor-widget-container\">\n\t\t\t<div class=\"qodef-shortcode qodef-m  qodef-section-title qodef-alignment--center\">\n\t\t<h2 class=\"qodef-m-title\" >\n\t\t\t\t\tBook your appointment \t\t\t\t\t<\/h2>\n\t\t\t<\/div>\n\t\t<\/div>\n\t\t\t\t<\/div>\n\t\t\t\t\t<\/div>\n\t\t<\/div>\n\t\t\t\t\t<\/div>\n\t\t<\/section>\n\t\t\t\t<section class=\"elementor-section elementor-top-section elementor-element elementor-element-64d5a65 qodef-elementor-content-grid elementor-section-boxed elementor-section-height-default elementor-section-height-default\" data-id=\"64d5a65\" data-element_type=\"section\">\n\t\t\t\t\t\t<div class=\"elementor-container elementor-column-gap-default\">\n\t\t\t\t\t<div class=\"elementor-column elementor-col-100 elementor-top-column elementor-element elementor-element-66af7fd\" data-id=\"66af7fd\" data-element_type=\"column\">\n\t\t\t<div class=\"elementor-widget-wrap elementor-element-populated\">\n\t\t\t\t<div class=\"elementor-element elementor-element-2e26de2 e-flex e-con-boxed e-con e-parent\" data-id=\"2e26de2\" data-element_type=\"container\">\n\t\t\t\t\t<div class=\"e-con-inner\">\n\t\t\t\t\t<\/div>\n\t\t\t\t<\/div>\n\t\t\t\t<div class=\"elementor-element elementor-element-d8fe16c elementor-widget elementor-widget-text-editor\" data-id=\"d8fe16c\" data-element_type=\"widget\" data-widget_type=\"text-editor.default\">\n\t\t\t\t<div class=\"elementor-widget-container\">\n\t\t\t\t\t\t\t<p>This is a scheduling request that requires confirmation from our team. You will be contacted.\u00a0<\/p>\t\t\t\t\t\t<\/div>\n\t\t\t\t<\/div>\n\t\t\t\t<div class=\"elementor-element elementor-element-5527f0a elementor-widget elementor-widget-wp-widget-neoocular_core_contact_form_7\" data-id=\"5527f0a\" data-element_type=\"widget\" data-widget_type=\"wp-widget-neoocular_core_contact_form_7.default\">\n\t\t\t\t<div class=\"elementor-widget-container\">\n\t\t\t\t\t\t<div class=\"qodef-contact-form-7\">\n\t\t\t\t\n<div class=\"wpcf7 no-js\" id=\"wpcf7-f690-o1\" lang=\"en-US\" dir=\"ltr\">\n<div class=\"screen-reader-response\"><p role=\"status\" aria-live=\"polite\" aria-atomic=\"true\"><\/p> <ul><\/ul><\/div>\n<form action=\"\/en\/wp-json\/wp\/v2\/pages\/3396#wpcf7-f690-o1\" method=\"post\" class=\"wpcf7-form init\" aria-label=\"Contact form\" novalidate=\"novalidate\" data-status=\"init\" data-trp-original-action=\"\/en\/wp-json\/wp\/v2\/pages\/3396#wpcf7-f690-o1\">\n<div style=\"display: none;\">\n<input type=\"hidden\" name=\"_wpcf7\" value=\"690\" \/>\n<input type=\"hidden\" name=\"_wpcf7_version\" value=\"5.9.3\" \/>\n<input type=\"hidden\" name=\"_wpcf7_locale\" value=\"en_US\" \/>\n<input type=\"hidden\" name=\"_wpcf7_unit_tag\" value=\"wpcf7-f690-o1\" \/>\n<input type=\"hidden\" name=\"_wpcf7_container_post\" value=\"0\" \/>\n<input type=\"hidden\" name=\"_wpcf7_posted_data_hash\" value=\"\" \/>\n<\/div>\n<div class=\"qodef-appointment-form\">\n<span class=\"wpcf7-form-control-wrap\" data-name=\"your-name\"><input size=\"40\" class=\"wpcf7-form-control wpcf7-text wpcf7-validates-as-required\" aria-required=\"true\" aria-invalid=\"false\" placeholder=\"Name (required)\" value=\"\" type=\"text\" name=\"your-name\" \/><\/span>\n<span class=\"wpcf7-form-control-wrap\" data-name=\"your-email\"><input size=\"40\" class=\"wpcf7-form-control wpcf7-email wpcf7-validates-as-required wpcf7-text wpcf7-validates-as-email\" aria-required=\"true\" aria-invalid=\"false\" placeholder=\"Email (required)\" value=\"\" type=\"email\" name=\"your-email\" \/><\/span>\n<span class=\"wpcf7-form-control-wrap\" data-name=\"your-phone\"><input size=\"40\" class=\"wpcf7-form-control wpcf7-text wpcf7-validates-as-required\" aria-required=\"true\" aria-invalid=\"false\" placeholder=\"Phone (required)\" value=\"\" type=\"text\" name=\"your-phone\" \/><\/span>\n<span class=\"wpcf7-form-control-wrap\" data-name=\"menu-dd\"><select class=\"wpcf7-form-control wpcf7-select\" aria-invalid=\"false\" name=\"menu-dd\"><option value=\"Selecione a morada ( obrigat\u00f3rio )\">Selecione a morada ( obrigat\u00f3rio )<\/option><option value=\"KUPERVIS\u00c3O QUARTEIRA\">KUPERVIS\u00c3O QUARTEIRA<\/option><option value=\"KUPERVIS\u00c3O ALMANCIL\">KUPERVIS\u00c3O ALMANCIL<\/option><\/select><\/span>\n<label>Your preferred date (required)<\/label><span class=\"wpcf7-form-control-wrap\" data-name=\"qodef-date-form\"><input class=\"wpcf7-form-control wpcf7-date wpcf7-validates-as-date\" aria-invalid=\"false\" value=\"\" type=\"date\" name=\"qodef-date-form\" \/><\/span><span class=\"wpcf7-form-control-wrap\" data-name=\"your-message\"><textarea cols=\"40\" rows=\"10\" class=\"wpcf7-form-control wpcf7-textarea\" aria-invalid=\"false\" placeholder=\"Your message (optional)\" name=\"your-message\"><\/textarea><\/span><span class=\"wpcf7-form-control-wrap\" data-name=\"checkbox-btn\"><span class=\"wpcf7-form-control wpcf7-checkbox\"><span class=\"wpcf7-list-item first last\"><input type=\"checkbox\" name=\"checkbox-btn[]\" value=\"Esta \u00e9 a minha prefer\u00eancia de agendamento ( obrigat\u00f3rio )\" \/><span class=\"wpcf7-list-item-label\">This is my scheduling preference (required)<\/span><\/span><\/span><\/span>\n<button class=\"wpcf7-form-control wpcf7-submit qodef-button qodef-size--normal qodef-layout--filled qodef-m\" type=\"submit\"><span class=\"qodef-m-text\">Send appointment request<\/span><\/button><\/div><div class=\"wpcf7-response-output\" aria-hidden=\"true\"><\/div>\n<input type=\"hidden\" name=\"trp-form-language\" value=\"en\"\/><\/form>\n<\/div>\n\t\t\t<\/div>\n\t\t\t\t\t<\/div>\n\t\t\t\t<\/div>\n\t\t\t\t\t<\/div>\n\t\t<\/div>\n\t\t\t\t\t<\/div>\n\t\t<\/section>\n\t\t\t\t<\/div>","protected":false},"excerpt":{"rendered":"<p>Paulo Mendon\u00e7a Especialista em: Optometria na vertente do comportamento humano e terapia visual Tratar a verdadeira causa por tr\u00e1s do sintoma, realizando programas vocacionados para cada paciente de uma forma individualizada.\u00a0Causas relacionadas com problemas visuais, dos tais:\u00a0Oculomotricidade l Sensoriais l Acomodativas l Verg\u00eanciais l Ambliopias l Estrabismos l Pedi\u00e1tricas l Perceptuais Marque a sua consulta [&hellip;]<\/p>","protected":false},"author":1,"featured_media":0,"parent":0,"menu_order":0,"comment_status":"closed","ping_status":"closed","template":"page-full-width.php","meta":{"footnotes":""},"class_list":["post-3396","page","type-page","status-publish","hentry"],"_links":{"self":[{"href":"https:\/\/kupervisao.com\/en\/wp-json\/wp\/v2\/pages\/3396","targetHints":{"allow":["GET"]}}],"collection":[{"href":"https:\/\/kupervisao.com\/en\/wp-json\/wp\/v2\/pages"}],"about":[{"href":"https:\/\/kupervisao.com\/en\/wp-json\/wp\/v2\/types\/page"}],"author":[{"embeddable":true,"href":"https:\/\/kupervisao.com\/en\/wp-json\/wp\/v2\/users\/1"}],"replies":[{"embeddable":true,"href":"https:\/\/kupervisao.com\/en\/wp-json\/wp\/v2\/comments?post=3396"}],"version-history":[{"count":60,"href":"https:\/\/kupervisao.com\/en\/wp-json\/wp\/v2\/pages\/3396\/revisions"}],"predecessor-version":[{"id":14489,"href":"https:\/\/kupervisao.com\/en\/wp-json\/wp\/v2\/pages\/3396\/revisions\/14489"}],"wp:attachment":[{"href":"https:\/\/kupervisao.com\/en\/wp-json\/wp\/v2\/media?parent=3396"}],"curies":[{"name":"wp","href":"https:\/\/api.w.org\/{rel}","templated":true}]}}