{"id":14531,"date":"2024-10-03T11:21:47","date_gmt":"2024-10-03T11:21:47","guid":{"rendered":"https:\/\/kupervisao.com\/?page_id=14531"},"modified":"2024-10-03T11:54:07","modified_gmt":"2024-10-03T11:54:07","slug":"politica-de-cookies","status":"publish","type":"page","link":"https:\/\/kupervisao.com\/en\/politica-de-cookies\/","title":{"rendered":"Politica de Cookies"},"content":{"rendered":"<div data-elementor-type=\"wp-page\" data-elementor-id=\"14531\" class=\"elementor elementor-14531\">\n\t\t\t\t<div class=\"elementor-element elementor-element-43bb65c e-flex e-con-boxed e-con e-parent\" data-id=\"43bb65c\" data-element_type=\"container\">\n\t\t\t\t\t<div class=\"e-con-inner\">\n\t\t\t\t<div class=\"elementor-element elementor-element-4d3ebb0 elementor-widget elementor-widget-heading\" data-id=\"4d3ebb0\" data-element_type=\"widget\" data-widget_type=\"heading.default\">\n\t\t\t\t<div class=\"elementor-widget-container\">\n\t\t\t<style>\/*! elementor - v3.21.0 - 25-04-2024 *\/\n.elementor-heading-title{padding:0;margin:0;line-height:1}.elementor-widget-heading .elementor-heading-title[class*=elementor-size-]>a{color:inherit;font-size:inherit;line-height:inherit}.elementor-widget-heading .elementor-heading-title.elementor-size-small{font-size:15px}.elementor-widget-heading .elementor-heading-title.elementor-size-medium{font-size:19px}.elementor-widget-heading .elementor-heading-title.elementor-size-large{font-size:29px}.elementor-widget-heading .elementor-heading-title.elementor-size-xl{font-size:39px}.elementor-widget-heading .elementor-heading-title.elementor-size-xxl{font-size:59px}<\/style><h2 class=\"elementor-heading-title elementor-size-default\">Cookies Policy<\/h2>\t\t<\/div>\n\t\t\t\t<\/div>\n\t\t\t\t\t<\/div>\n\t\t\t\t<\/div>\n\t\t<div class=\"elementor-element elementor-element-a65673c e-flex e-con-boxed e-con e-parent\" data-id=\"a65673c\" data-element_type=\"container\">\n\t\t\t\t\t<div class=\"e-con-inner\">\n\t\t\t\t<div class=\"elementor-element elementor-element-0078d7d elementor-widget elementor-widget-spacer\" data-id=\"0078d7d\" data-element_type=\"widget\" data-widget_type=\"spacer.default\">\n\t\t\t\t<div class=\"elementor-widget-container\">\n\t\t\t<style>\/*! elementor - v3.21.0 - 25-04-2024 *\/\n.elementor-column .elementor-spacer-inner{height:var(--spacer-size)}.e-con{--container-widget-width:100%}.e-con-inner>.elementor-widget-spacer,.e-con>.elementor-widget-spacer{width:var(--container-widget-width,var(--spacer-size));--align-self:var(--container-widget-align-self,initial);--flex-shrink:0}.e-con-inner>.elementor-widget-spacer>.elementor-widget-container,.e-con>.elementor-widget-spacer>.elementor-widget-container{height:100%;width:100%}.e-con-inner>.elementor-widget-spacer>.elementor-widget-container>.elementor-spacer,.e-con>.elementor-widget-spacer>.elementor-widget-container>.elementor-spacer{height:100%}.e-con-inner>.elementor-widget-spacer>.elementor-widget-container>.elementor-spacer>.elementor-spacer-inner,.e-con>.elementor-widget-spacer>.elementor-widget-container>.elementor-spacer>.elementor-spacer-inner{height:var(--container-widget-height,var(--spacer-size))}.e-con-inner>.elementor-widget-spacer.elementor-widget-empty,.e-con>.elementor-widget-spacer.elementor-widget-empty{position:relative;min-height:22px;min-width:22px}.e-con-inner>.elementor-widget-spacer.elementor-widget-empty .elementor-widget-empty-icon,.e-con>.elementor-widget-spacer.elementor-widget-empty .elementor-widget-empty-icon{position:absolute;top:0;bottom:0;left:0;right:0;margin:auto;padding:0;width:22px;height:22px}<\/style>\t\t<div class=\"elementor-spacer\">\n\t\t\t<div class=\"elementor-spacer-inner\"><\/div>\n\t\t<\/div>\n\t\t\t\t<\/div>\n\t\t\t\t<\/div>\n\t\t\t\t<div class=\"elementor-element elementor-element-d442454 elementor-widget elementor-widget-heading\" data-id=\"d442454\" data-element_type=\"widget\" data-widget_type=\"heading.default\">\n\t\t\t\t<div class=\"elementor-widget-container\">\n\t\t\t<h4 class=\"elementor-heading-title elementor-size-default\">O que s\u00e3o as cookies?\n<\/h4>\t\t<\/div>\n\t\t\t\t<\/div>\n\t\t\t\t<div class=\"elementor-element elementor-element-c7fced6 elementor-widget elementor-widget-text-editor\" data-id=\"c7fced6\" data-element_type=\"widget\" data-widget_type=\"text-editor.default\">\n\t\t\t\t<div class=\"elementor-widget-container\">\n\t\t\t<style>\/*! elementor - v3.21.0 - 25-04-2024 *\/\n.elementor-widget-text-editor.elementor-drop-cap-view-stacked .elementor-drop-cap{background-color:#69727d;color:#fff}.elementor-widget-text-editor.elementor-drop-cap-view-framed .elementor-drop-cap{color:#69727d;border:3px solid;background-color:transparent}.elementor-widget-text-editor:not(.elementor-drop-cap-view-default) .elementor-drop-cap{margin-top:8px}.elementor-widget-text-editor:not(.elementor-drop-cap-view-default) .elementor-drop-cap-letter{width:1em;height:1em}.elementor-widget-text-editor .elementor-drop-cap{float:left;text-align:center;line-height:1;font-size:50px}.elementor-widget-text-editor .elementor-drop-cap-letter{display:inline-block}<\/style>\t\t\t\t<p>Uma cookie \u00e9 um ficheiro que se descarrega no seu computador ao aceder a determinadas p\u00e1ginas web. As cookies permitem a uma p\u00e1gina web, entre outras coisas, armazenar informa\u00e7\u00e3o de car\u00e1cter t\u00e9cnico, prefer\u00eancias pessoais, personaliza\u00e7\u00e3o de conte\u00fados, estat\u00edsticas de uso, links a redes sociais, acesso a contas de usu\u00e1rio, conhecer h\u00e1bitos de navega\u00e7\u00e3o do usu\u00e1rio e do equipamento, etc. O objectivo da cookie \u00e9 adaptar o conte\u00fado do site ao seu perfil e necessidades. KUPERVISAO.COM usa na sua p\u00e1gina cookies pr\u00f3prias e de terceiros para gerir sess\u00f5es de usu\u00e1rios registados, analisar as visitas e o tr\u00e1fego web, e, no seu caso, partilhar conte\u00fados nas redes sociais. A navega\u00e7\u00e3o pelo site implica o consentimento do usu\u00e1rio para a sua recolha e tratamento conforme indica\u00e7\u00f5es anteriores.<\/p><p><strong>KUPERVISAO.COM usa na sua p\u00e1gina web as seguintes cookies:<\/strong><\/p>\t\t\t\t\t\t<\/div>\n\t\t\t\t<\/div>\n\t\t\t\t<div class=\"elementor-element elementor-element-134fad9 elementor-widget elementor-widget-text-editor\" data-id=\"134fad9\" data-element_type=\"widget\" data-widget_type=\"text-editor.default\">\n\t\t\t\t<div class=\"elementor-widget-container\">\n\t\t\t\t\t\t\t<table><tbody><tr><td><p><b>Nome das cookies<\/b><\/p><\/td><td><p><b>Finalidade<\/b><\/p><\/td><td><p><b>Observa\u00e7\u00f5es<\/b><\/p><\/td><\/tr><tr><td><p><span style=\"font-weight: 400;\">Google Analytics<\/span><\/p><p><span style=\"font-weight: 400;\">_ga<\/span><\/p><p><span style=\"font-weight: 400;\">_gat<\/span><\/p><\/td><td><p><span style=\"font-weight: 400;\">Estas cookies s\u00e3o usadas para recolher informa\u00e7\u00f5es sobre o uso do nosso site pelos visitantes. Usamos as informa\u00e7\u00f5es para preparar relat\u00f3rios e melhorar o site. Os cookies coletam informa\u00e7\u00f5es anonimamente, o que inclui o n\u00famero de visitantes do site, o local de origem dos visitantes e as p\u00e1ginas visitadas.<\/span><\/p><\/td><td><p><span style=\"font-weight: 400;\">Mais informa\u00e7\u00f5es em <\/span><a href=\"https:\/\/policies.google.com\/technologies\/cookies?hl=pt-PT&amp;gl=es#types-of-cookies\"><span style=\"font-weight: 400;\">Tipos de cookies que utiliza Google<\/span><\/a><\/p><br \/><p><a href=\"https:\/\/developers.google.com\/analytics\/devguides\/collection\/analyticsjs\/cookie-usage?hl=pt-br\"><span style=\"font-weight: 400;\">Tipos de cookies que utiliza Google Analytics<\/span><\/a><\/p><br \/><br \/><br \/><\/td><\/tr><tr><td><p><span style=\"font-weight: 400;\">viewed_cookie_policy<\/span><\/p><\/td><td><p><span style=\"font-weight: 400;\">Utilizado pelo plugin de aviso de cookies<\/span><\/p><p><span style=\"font-weight: 400;\">A ferramenta de aviso de cookies instalada neste site usa um cookie de sess\u00e3o cuja finalidade \u00e9 lembrar a prefer\u00eancia do usu\u00e1rio em rela\u00e7\u00e3o \u00e0s informa\u00e7\u00f5es fornecidas nesses mecanismos.<\/span><\/p><\/td><td>\u00a0<\/td><\/tr><tr><td><p><span style=\"font-weight: 400;\">wordpress_test_cookie<\/span><\/p><br \/><br \/><\/td><td><p><span style=\"font-weight: 400;\">Utilizada por WordPress para testar se o browser permite cookies<\/span><\/p><\/td><td><p><span style=\"font-weight: 400;\">Para mais informa\u00e7\u00e3o dirija-se a<\/span><a href=\"https:\/\/codex.wordpress.org\/WordPress_Cookies\"> <span style=\"font-weight: 400;\">https:\/\/codex.wordpress.org\/WordPress_Cookies<\/span><\/a><\/p><\/td><\/tr><tr><td><p><span style=\"font-weight: 400;\">wp-settings-1<\/span><\/p><\/td><td><p><span style=\"font-weight: 400;\">Usado pelo WordPress para personalizar a interface do utilizador<\/span><\/p><\/td><td><p><span style=\"font-weight: 400;\">Para mais informa\u00e7\u00e3o dirija-se a<\/span><a href=\"https:\/\/codex.wordpress.org\/WordPress_Cookies\"> <span style=\"font-weight: 400;\">https:\/\/codex.wordpress.org\/WordPress_Cookies<\/span><\/a><\/p><\/td><\/tr><tr><td><p><span style=\"font-weight: 400;\">wp-settings-time-1<\/span><\/p><\/td><td><p><span style=\"font-weight: 400;\">Usado pelo WordPress para personalizar a interface do utilizador<\/span><\/p><\/td><td><p><span style=\"font-weight: 400;\">Para mais informa\u00e7\u00e3o dirija-se a<\/span><a href=\"https:\/\/codex.wordpress.org\/WordPress_Cookies\"> <span style=\"font-weight: 400;\">https:\/\/codex.wordpress.org\/WordPress_Cookies<\/span><\/a><\/p><\/td><\/tr><tr><td><p><span style=\"font-weight: 400;\">wpseo_seen_about_version<\/span><\/p><\/td><td><p><span style=\"font-weight: 400;\">Utilizada pelo plugin de wordpress para SEO<\/span><\/p><\/td><td><p><span style=\"font-weight: 400;\">Para mais informa\u00e7\u00e3o dirija-se a<\/span><a href=\"https:\/\/codex.wordpress.org\/WordPress_Cookies\"> <span style=\"font-weight: 400;\">https:\/\/codex.wordpress.org\/WordPress_Cookies<\/span><\/a><\/p><\/td><\/tr><tr><td><p><span style=\"font-weight: 400;\">_<\/span><b>[<\/b><b>KUPERVISAO.COM<\/b><b>]<\/b><span style=\"font-weight: 400;\">_session<\/span><\/p><\/td><td><p><span style=\"font-weight: 400;\">Cookie de sess\u00e3o<\/span><\/p><\/td><td>\u00a0<\/td><\/tr><tr><td><p><span style=\"font-weight: 400;\">wordpress_sec_79283e3550da580d7e09525cc077b9ab<\/span><\/p><\/td><td><p><span style=\"font-weight: 400;\">Cookie de sess\u00e3o<\/span><\/p><\/td><td>\u00a0<\/td><\/tr><\/tbody><\/table>\t\t\t\t\t\t<\/div>\n\t\t\t\t<\/div>\n\t\t\t\t\t<\/div>\n\t\t\t\t<\/div>\n\t\t<div class=\"elementor-element elementor-element-31b74de e-flex e-con-boxed e-con e-parent\" data-id=\"31b74de\" data-element_type=\"container\">\n\t\t\t\t\t<div class=\"e-con-inner\">\n\t\t\t\t<div class=\"elementor-element elementor-element-26b1032 elementor-widget elementor-widget-heading\" data-id=\"26b1032\" data-element_type=\"widget\" data-widget_type=\"heading.default\">\n\t\t\t\t<div class=\"elementor-widget-container\">\n\t\t\t<h4 class=\"elementor-heading-title elementor-size-default\">Finalidade<\/h4>\t\t<\/div>\n\t\t\t\t<\/div>\n\t\t\t\t<div class=\"elementor-element elementor-element-ca70abb elementor-widget elementor-widget-text-editor\" data-id=\"ca70abb\" data-element_type=\"widget\" data-widget_type=\"text-editor.default\">\n\t\t\t\t<div class=\"elementor-widget-container\">\n\t\t\t\t\t\t\t<p>As cookies oferecem a possibilidade de aproveitar muitas das funcionalidades essenciais do nosso site. Por todo ele, h\u00e1 determinadas cookies que n\u00e3o poder\u00e1 eliminar se deseja realizar determinadas ac\u00e7\u00f5es ou quer que KUPERVISAO.COM lhe preste um servi\u00e7o espec\u00edfico .<\/p>\t\t\t\t\t\t<\/div>\n\t\t\t\t<\/div>\n\t\t\t\t\t<\/div>\n\t\t\t\t<\/div>\n\t\t<div class=\"elementor-element elementor-element-b5d3317 e-flex e-con-boxed e-con e-parent\" data-id=\"b5d3317\" data-element_type=\"container\">\n\t\t\t\t\t<div class=\"e-con-inner\">\n\t\t\t\t<div class=\"elementor-element elementor-element-e2e6829 elementor-widget elementor-widget-heading\" data-id=\"e2e6829\" data-element_type=\"widget\" data-widget_type=\"heading.default\">\n\t\t\t\t<div class=\"elementor-widget-container\">\n\t\t\t<h4 class=\"elementor-heading-title elementor-size-default\">Revoga\u00e7\u00e3o e remo\u00e7\u00e3o de cookies<\/h4>\t\t<\/div>\n\t\t\t\t<\/div>\n\t\t\t\t<div class=\"elementor-element elementor-element-59eb901 elementor-widget elementor-widget-text-editor\" data-id=\"59eb901\" data-element_type=\"widget\" data-widget_type=\"text-editor.default\">\n\t\t\t\t<div class=\"elementor-widget-container\">\n\t\t\t\t\t\t\t<p>Pode permitir, bloquear o eliminar as cookies instaladas no seu equipamento mediante a configura\u00e7\u00e3o das op\u00e7\u00f5es do navegador instalado no seu computador. No caso de n\u00e3o permitir a instala\u00e7\u00e3o de cookies no seu navegador \u00e9 poss\u00edvel que n\u00e3o possa aceder a alguma das sec\u00e7\u00f5es do nosso site n\u00e3o podendo aceder a todas as funcionalidades do mesmo.<\/p><p>A desactiva\u00e7\u00e3o e\/ou elimina\u00e7\u00e3o das cookies realiza-se de forma diferente na fun\u00e7\u00e3o do navegador que utilize. Para mais informa\u00e7\u00f5es sobre como bloquear o uso de cookies pode visitar os seguintes links:<\/p><p>Internet Explorer: Ferramentas -&gt; Op\u00e7\u00f5es de Internet -&gt; Privacidade -&gt; Configura\u00e7\u00e3o. Para mais informa\u00e7\u00e3o, pode consultar o suporte da Microsoft ou a Ajuda do navegador.<\/p><p>http:\/\/windows.microsoft.com\/es-es\/windows-vista\/block-or-allow-cookies<\/p><p>Firefox: Configura\u00e7\u00e3o -&gt; Privacidade -&gt; Historial<\/p><p>Para mais informa\u00e7\u00e3o, pode consultar o suporte de Mozilla ou a Ajuda do navegador.<\/p><p>https:\/\/support.mozilla.org\/pt-PT\/kb\/ativar-e-desativar-cookies-que-os-websites-utiliza<\/p><p>Chrome: Configura\u00e7\u00e3o -&gt; Mostrar op\u00e7\u00f5es avan\u00e7adas -&gt; Privacidade -&gt; Configura\u00e7\u00e3o de conte\u00fados.<\/p><p>Para mais informa\u00e7\u00e3o, pode consultar o suporte da Google ou a Ajuda do navegador.<\/p><p>https:\/\/support.google.com\/chrome\/answer\/95647?hl=pt<\/p><p>Safari: Prefer\u00eancias -&gt; Privacidade.<\/p><p>Para mais informa\u00e7\u00f5es, pode consultar o suporte de Apple ou a Ajuda do navegador.<\/p><p>https:\/\/support.apple.com\/kb\/index?page=search&type=organic&src=support_searchbox_main&locale=pt_PT&q=cookies<\/p><p>Tamb\u00e9m pode optar por activar o &lt;&lt;modo privado&gt;&gt; de alguns navegadores mediante o qual as cookies se apagam sempre depois da sua visita. Dependendo de cada navegador, este modo privado pode ter diferentes nomes, abaixo pode encontrar uma lista dos navegadores mais comuns e os diferentes nomes deste \u201cmodo privado\u201d:<\/p><p>\u2013 Internet Explorer 8 e superior: InPrivate<\/p><p>\u2013 FireFox 3.5 e superior: Navega\u00e7\u00e3o Privada<\/p><p>\u2013 Google Chrome 10 e superior: Inc\u00f3gnito<\/p><p>\u2013 Safari 2 e superior: Navega\u00e7\u00e3o Privada<\/p><p>\u2013 Opera 10.5 e superior: Navega\u00e7\u00e3o Privada<\/p><p>Para ter mais informa\u00e7\u00e3o acerca da navega\u00e7\u00e3o em modo privado ou inc\u00f3gnito poder\u00e1 aceder \u00e0 sec\u00e7\u00e3o Ajuda de qualquer navegador.<\/p>\t\t\t\t\t\t<\/div>\n\t\t\t\t<\/div>\n\t\t\t\t\t<\/div>\n\t\t\t\t<\/div>\n\t\t<div class=\"elementor-element elementor-element-9874071 e-flex e-con-boxed e-con e-parent\" data-id=\"9874071\" data-element_type=\"container\">\n\t\t\t\t\t<div class=\"e-con-inner\">\n\t\t\t\t<div class=\"elementor-element elementor-element-86c15f9 elementor-widget elementor-widget-heading\" data-id=\"86c15f9\" data-element_type=\"widget\" data-widget_type=\"heading.default\">\n\t\t\t\t<div class=\"elementor-widget-container\">\n\t\t\t<h4 class=\"elementor-heading-title elementor-size-default\">Altera\u00e7\u00e3o nas pol\u00edticas de protec\u00e7\u00e3o de dados e de cookies<\/h4>\t\t<\/div>\n\t\t\t\t<\/div>\n\t\t\t\t<div class=\"elementor-element elementor-element-aff6836 elementor-widget elementor-widget-text-editor\" data-id=\"aff6836\" data-element_type=\"widget\" data-widget_type=\"text-editor.default\">\n\t\t\t\t<div class=\"elementor-widget-container\">\n\t\t\t\t\t\t\t<p>KUPERVISAO.COM poder\u00e1 realizar altera\u00e7\u00f5es nas suas Condi\u00e7\u00f5es de Uso, Pol\u00edtica de Privacidade e Pol\u00edtica de Cookies. Qualquer modifica\u00e7\u00e3o ser\u00e1 publicada automaticamente no site para que as possa visualizar.<\/p>\t\t\t\t\t\t<\/div>\n\t\t\t\t<\/div>\n\t\t\t\t\t<\/div>\n\t\t\t\t<\/div>\n\t\t\t\t<\/div>","protected":false},"excerpt":{"rendered":"<p>Pol\u00edtica de Cookies O que s\u00e3o as cookies? Uma cookie \u00e9 um ficheiro que se descarrega no seu computador ao aceder a determinadas p\u00e1ginas web. As cookies permitem a uma p\u00e1gina web, entre outras coisas, armazenar informa\u00e7\u00e3o de car\u00e1cter t\u00e9cnico, prefer\u00eancias pessoais, personaliza\u00e7\u00e3o de conte\u00fados, estat\u00edsticas de uso, links a redes sociais, acesso a contas [&hellip;]<\/p>","protected":false},"author":2,"featured_media":0,"parent":0,"menu_order":0,"comment_status":"closed","ping_status":"closed","template":"","meta":{"footnotes":""},"class_list":["post-14531","page","type-page","status-publish","hentry"],"_links":{"self":[{"href":"https:\/\/kupervisao.com\/en\/wp-json\/wp\/v2\/pages\/14531","targetHints":{"allow":["GET"]}}],"collection":[{"href":"https:\/\/kupervisao.com\/en\/wp-json\/wp\/v2\/pages"}],"about":[{"href":"https:\/\/kupervisao.com\/en\/wp-json\/wp\/v2\/types\/page"}],"author":[{"embeddable":true,"href":"https:\/\/kupervisao.com\/en\/wp-json\/wp\/v2\/users\/2"}],"replies":[{"embeddable":true,"href":"https:\/\/kupervisao.com\/en\/wp-json\/wp\/v2\/comments?post=14531"}],"version-history":[{"count":26,"href":"https:\/\/kupervisao.com\/en\/wp-json\/wp\/v2\/pages\/14531\/revisions"}],"predecessor-version":[{"id":14608,"href":"https:\/\/kupervisao.com\/en\/wp-json\/wp\/v2\/pages\/14531\/revisions\/14608"}],"wp:attachment":[{"href":"https:\/\/kupervisao.com\/en\/wp-json\/wp\/v2\/media?parent=14531"}],"curies":[{"name":"wp","href":"https:\/\/api.w.org\/{rel}","templated":true}]}}