{"id":14407,"date":"2024-09-18T10:57:01","date_gmt":"2024-09-18T10:57:01","guid":{"rendered":"https:\/\/staging.kupervisao.com\/?page_id=14407"},"modified":"2024-10-03T11:27:26","modified_gmt":"2024-10-03T11:27:26","slug":"termos-e-condicoes","status":"publish","type":"page","link":"https:\/\/kupervisao.com\/en\/termos-e-condicoes\/","title":{"rendered":"Terms and conditions"},"content":{"rendered":"<div data-elementor-type=\"wp-page\" data-elementor-id=\"14407\" class=\"elementor elementor-14407\">\n\t\t\t\t<div class=\"elementor-element elementor-element-43bb65c e-flex e-con-boxed e-con e-parent\" data-id=\"43bb65c\" data-element_type=\"container\">\n\t\t\t\t\t<div class=\"e-con-inner\">\n\t\t\t\t<div class=\"elementor-element elementor-element-4d3ebb0 elementor-widget elementor-widget-heading\" data-id=\"4d3ebb0\" data-element_type=\"widget\" data-widget_type=\"heading.default\">\n\t\t\t\t<div class=\"elementor-widget-container\">\n\t\t\t<style>\/*! elementor - v3.21.0 - 25-04-2024 *\/\n.elementor-heading-title{padding:0;margin:0;line-height:1}.elementor-widget-heading .elementor-heading-title[class*=elementor-size-]>a{color:inherit;font-size:inherit;line-height:inherit}.elementor-widget-heading .elementor-heading-title.elementor-size-small{font-size:15px}.elementor-widget-heading .elementor-heading-title.elementor-size-medium{font-size:19px}.elementor-widget-heading .elementor-heading-title.elementor-size-large{font-size:29px}.elementor-widget-heading .elementor-heading-title.elementor-size-xl{font-size:39px}.elementor-widget-heading .elementor-heading-title.elementor-size-xxl{font-size:59px}<\/style><h2 class=\"elementor-heading-title elementor-size-default\">TERMOS E CONDI\u00c7\u00d5ES DE UTILIZA\u00c7\u00c3O<\/h2>\t\t<\/div>\n\t\t\t\t<\/div>\n\t\t\t\t\t<\/div>\n\t\t\t\t<\/div>\n\t\t<div class=\"elementor-element elementor-element-a65673c e-flex e-con-boxed e-con e-parent\" data-id=\"a65673c\" data-element_type=\"container\">\n\t\t\t\t\t<div class=\"e-con-inner\">\n\t\t\t\t<div class=\"elementor-element elementor-element-0078d7d elementor-widget elementor-widget-spacer\" data-id=\"0078d7d\" data-element_type=\"widget\" data-widget_type=\"spacer.default\">\n\t\t\t\t<div class=\"elementor-widget-container\">\n\t\t\t<style>\/*! elementor - v3.21.0 - 25-04-2024 *\/\n.elementor-column .elementor-spacer-inner{height:var(--spacer-size)}.e-con{--container-widget-width:100%}.e-con-inner>.elementor-widget-spacer,.e-con>.elementor-widget-spacer{width:var(--container-widget-width,var(--spacer-size));--align-self:var(--container-widget-align-self,initial);--flex-shrink:0}.e-con-inner>.elementor-widget-spacer>.elementor-widget-container,.e-con>.elementor-widget-spacer>.elementor-widget-container{height:100%;width:100%}.e-con-inner>.elementor-widget-spacer>.elementor-widget-container>.elementor-spacer,.e-con>.elementor-widget-spacer>.elementor-widget-container>.elementor-spacer{height:100%}.e-con-inner>.elementor-widget-spacer>.elementor-widget-container>.elementor-spacer>.elementor-spacer-inner,.e-con>.elementor-widget-spacer>.elementor-widget-container>.elementor-spacer>.elementor-spacer-inner{height:var(--container-widget-height,var(--spacer-size))}.e-con-inner>.elementor-widget-spacer.elementor-widget-empty,.e-con>.elementor-widget-spacer.elementor-widget-empty{position:relative;min-height:22px;min-width:22px}.e-con-inner>.elementor-widget-spacer.elementor-widget-empty .elementor-widget-empty-icon,.e-con>.elementor-widget-spacer.elementor-widget-empty .elementor-widget-empty-icon{position:absolute;top:0;bottom:0;left:0;right:0;margin:auto;padding:0;width:22px;height:22px}<\/style>\t\t<div class=\"elementor-spacer\">\n\t\t\t<div class=\"elementor-spacer-inner\"><\/div>\n\t\t<\/div>\n\t\t\t\t<\/div>\n\t\t\t\t<\/div>\n\t\t\t\t<div class=\"elementor-element elementor-element-d442454 elementor-widget elementor-widget-heading\" data-id=\"d442454\" data-element_type=\"widget\" data-widget_type=\"heading.default\">\n\t\t\t\t<div class=\"elementor-widget-container\">\n\t\t\t<h4 class=\"elementor-heading-title elementor-size-default\">Utilizadores<\/h4>\t\t<\/div>\n\t\t\t\t<\/div>\n\t\t\t\t<div class=\"elementor-element elementor-element-c7fced6 elementor-widget elementor-widget-text-editor\" data-id=\"c7fced6\" data-element_type=\"widget\" data-widget_type=\"text-editor.default\">\n\t\t\t\t<div class=\"elementor-widget-container\">\n\t\t\t<style>\/*! elementor - v3.21.0 - 25-04-2024 *\/\n.elementor-widget-text-editor.elementor-drop-cap-view-stacked .elementor-drop-cap{background-color:#69727d;color:#fff}.elementor-widget-text-editor.elementor-drop-cap-view-framed .elementor-drop-cap{color:#69727d;border:3px solid;background-color:transparent}.elementor-widget-text-editor:not(.elementor-drop-cap-view-default) .elementor-drop-cap{margin-top:8px}.elementor-widget-text-editor:not(.elementor-drop-cap-view-default) .elementor-drop-cap-letter{width:1em;height:1em}.elementor-widget-text-editor .elementor-drop-cap{float:left;text-align:center;line-height:1;font-size:50px}.elementor-widget-text-editor .elementor-drop-cap-letter{display:inline-block}<\/style>\t\t\t\t<p>O acesso e\/ou uso deste site, propriedade de Kupervis\u00e3o Lda, adiante designada por KUPERVISAO.COM define as condi\u00e7\u00f5es de UTILIZADOR aceitando assim as Condi\u00e7\u00f5es Gerais de utiliza\u00e7\u00e3o aqui reflectidas. O acesso ao site KUPERVISAO.COM, ser\u00e1 feito de acordo com a Lei, e os utilizadores comprometem-se a n\u00e3o aceder ao site ou aos seus conte\u00fados de forma contr\u00e1ria \u00e0 estabelecida na lei e\/ou para fins il\u00edcitos, prejudicando os direitos e liberdades de terceiros, ou que possam danificar, deteriorar, saturar ou prejudicar a rapidez do site, em preju\u00edzo de KUPERVISAO.COM ou de terceiros.<\/p>\t\t\t\t\t\t<\/div>\n\t\t\t\t<\/div>\n\t\t\t\t\t<\/div>\n\t\t\t\t<\/div>\n\t\t<div class=\"elementor-element elementor-element-d61f279 e-flex e-con-boxed e-con e-parent\" data-id=\"d61f279\" data-element_type=\"container\">\n\t\t\t\t\t<div class=\"e-con-inner\">\n\t\t\t\t<div class=\"elementor-element elementor-element-f386f84 elementor-widget elementor-widget-heading\" data-id=\"f386f84\" data-element_type=\"widget\" data-widget_type=\"heading.default\">\n\t\t\t\t<div class=\"elementor-widget-container\">\n\t\t\t<h4 class=\"elementor-heading-title elementor-size-default\">Propriedade Intelectual e Industrial<\/h4>\t\t<\/div>\n\t\t\t\t<\/div>\n\t\t\t\t<div class=\"elementor-element elementor-element-638f4a8 elementor-widget elementor-widget-text-editor\" data-id=\"638f4a8\" data-element_type=\"widget\" data-widget_type=\"text-editor.default\">\n\t\t\t\t<div class=\"elementor-widget-container\">\n\t\t\t\t\t\t\t<p>O design do portal e o seu c\u00f3digo fonte, assim como os logos, marcas e demais marcas distintivas que aparecem no mesmo pertencem a KUPERVISAO.COM ou a terceiros licenciadores que deram a sua autoriza\u00e7\u00e3o, estando protegidos pelos correspondentes direitos de propriedade intelectual e industrial. Tamb\u00e9m \u00e9 titularidade de KUPERVISAO.COM ou dos seus licenciadores os elementos contidos no portal, a t\u00edtulo de exemplo, mas n\u00e3o limitativo, imagens, sons, \u00e1udio, v\u00eddeo, combina\u00e7\u00f5es de cores, estrutura e design, selec\u00e7\u00e3o de materiais usados, programas de computador necess\u00e1rios para o seu funcionamento, acesso e uso, etc.. Todos os direitos reservados.<\/p><p><span style=\"font-weight: 400;\">O UTILIZADOR n\u00e3o poder\u00e1 suprimir, alterar, iludir ou manipular qualquer dispositivo de prote\u00e7\u00e3o ou sistema de seguran\u00e7a que esteja instalado nas p\u00e1ginas web de <\/span><b>KUPERVISAO.COM<\/b><\/p>\t\t\t\t\t\t<\/div>\n\t\t\t\t<\/div>\n\t\t\t\t\t<\/div>\n\t\t\t\t<\/div>\n\t\t<div class=\"elementor-element elementor-element-211e39d e-flex e-con-boxed e-con e-parent\" data-id=\"211e39d\" data-element_type=\"container\">\n\t\t\t\t\t<div class=\"e-con-inner\">\n\t\t\t\t<div class=\"elementor-element elementor-element-80f23f2 elementor-widget elementor-widget-heading\" data-id=\"80f23f2\" data-element_type=\"widget\" data-widget_type=\"heading.default\">\n\t\t\t\t<div class=\"elementor-widget-container\">\n\t\t\t<h4 class=\"elementor-heading-title elementor-size-default\">Responsabilidade dos conte\u00fados\n<\/h4>\t\t<\/div>\n\t\t\t\t<\/div>\n\t\t\t\t<div class=\"elementor-element elementor-element-5f9983f elementor-widget elementor-widget-text-editor\" data-id=\"5f9983f\" data-element_type=\"widget\" data-widget_type=\"text-editor.default\">\n\t\t\t\t<div class=\"elementor-widget-container\">\n\t\t\t\t\t\t\t<p>\u00c9 proibido o uso dos conte\u00fados do site para promo\u00e7\u00e3o, contrata\u00e7\u00e3o ou divulga\u00e7\u00e3o de publicidade ou informa\u00e7\u00e3o pr\u00f3pria ou de terceiras pessoas sem a autoriza\u00e7\u00e3o da KUPERVISAO.COM, nem remeter publicidade ou informa\u00e7\u00e3o usando para isso os servi\u00e7os ou informa\u00e7\u00e3o disponibilizada aos utilizadores, independentemente se a utiliza\u00e7\u00e3o ser ou n\u00e3o gratuita. A KUPERVISAO.COM n\u00e3o ser\u00e1 respons\u00e1vel pelo uso que terceiros fa\u00e7am da informa\u00e7\u00e3o publicada no portal, nem dos danos sofridos ou perdas econ\u00f3micas que, de forma directa o indirecta, causar ou possam causar danos econ\u00f3micos, materiais ou sobre dados, provocados pelo uso da referida informa\u00e7\u00e3o. Assim, KUPERVISAO.COM tamb\u00e9m n\u00e3o ser\u00e1 respons\u00e1vel, em nenhum caso, pelos danos e preju\u00edzos de qualquer natureza que possam ocorrer, a t\u00edtulo de exemplo, por erros ou omiss\u00f5es nos conte\u00fados, falta de disponibilidade do portal ou pelo transmiss\u00e3o de v\u00edrus ou programas maliciosos ou prejudiciais nos conte\u00fados, apesar de ter adoptado todas as medidas tecnol\u00f3gicas necess\u00e1rias para o evitar.<\/p>\t\t\t\t\t\t<\/div>\n\t\t\t\t<\/div>\n\t\t\t\t\t<\/div>\n\t\t\t\t<\/div>\n\t\t<div class=\"elementor-element elementor-element-b1b0a51 e-flex e-con-boxed e-con e-parent\" data-id=\"b1b0a51\" data-element_type=\"container\">\n\t\t\t\t\t<div class=\"e-con-inner\">\n\t\t\t\t<div class=\"elementor-element elementor-element-1089627 elementor-widget elementor-widget-heading\" data-id=\"1089627\" data-element_type=\"widget\" data-widget_type=\"heading.default\">\n\t\t\t\t<div class=\"elementor-widget-container\">\n\t\t\t<h4 class=\"elementor-heading-title elementor-size-default\">Modifica\u00e7\u00f5es <\/h4>\t\t<\/div>\n\t\t\t\t<\/div>\n\t\t\t\t<div class=\"elementor-element elementor-element-2ee2a51 elementor-widget elementor-widget-text-editor\" data-id=\"2ee2a51\" data-element_type=\"widget\" data-widget_type=\"text-editor.default\">\n\t\t\t\t<div class=\"elementor-widget-container\">\n\t\t\t\t\t\t\t<p>A KUPERVISAO.COM, na qualidade de criadora do site, reserva-se o direito de efectuar, sem aviso pr\u00e9vio, as modifica\u00e7\u00f5es que considere oportunas no seu site, podendo alterar, suprimir ou adicionar conte\u00fado e servi\u00e7os que se prestam atrav\u00e9s da mesma, bem como poder\u00e1 alterar, suprimir ou adicionar a forma como os mesmos aparecem apresentados ou localizados no seu site.<\/p>\t\t\t\t\t\t<\/div>\n\t\t\t\t<\/div>\n\t\t\t\t\t<\/div>\n\t\t\t\t<\/div>\n\t\t<div class=\"elementor-element elementor-element-37deff6 e-flex e-con-boxed e-con e-parent\" data-id=\"37deff6\" data-element_type=\"container\">\n\t\t\t\t\t<div class=\"e-con-inner\">\n\t\t\t\t<div class=\"elementor-element elementor-element-35a477b elementor-widget elementor-widget-heading\" data-id=\"35a477b\" data-element_type=\"widget\" data-widget_type=\"heading.default\">\n\t\t\t\t<div class=\"elementor-widget-container\">\n\t\t\t<h4 class=\"elementor-heading-title elementor-size-default\">Links<\/h4>\t\t<\/div>\n\t\t\t\t<\/div>\n\t\t\t\t<div class=\"elementor-element elementor-element-298a7e5 elementor-widget elementor-widget-text-editor\" data-id=\"298a7e5\" data-element_type=\"widget\" data-widget_type=\"text-editor.default\">\n\t\t\t\t<div class=\"elementor-widget-container\">\n\t\t\t\t\t\t\t<p>No caso em que no site se disponibilizam links ou hiperlinks para outros s\u00edtios da Internet, KUPERVISAO.COM, titular do site web n\u00e3o far\u00e1 nenhum tipo de controlo sobre os ditos sites e conte\u00fados. Em nenhum caso, KUPERVISAO.COM assumir\u00e1 responsabilidade alguma pelos conte\u00fados dos links pertencentes a sites web alheios, nem garantir\u00e1 a disponibilidade t\u00e9cnica, qualidade, fiabilidade, precis\u00e3o, amplitude, veracidade, validade e constitucionalidade de qualquer material ou informa\u00e7\u00e3o contida em nenhum dos referidos hiperlinks ou outros sites da Internet. Igualmente a inclus\u00e3o destes links externos n\u00e3o implicar\u00e1 nenhum tipo de associa\u00e7\u00e3o, fus\u00e3o ou participa\u00e7\u00e3o com as entidades conectadas.<\/p>\t\t\t\t\t\t<\/div>\n\t\t\t\t<\/div>\n\t\t\t\t\t<\/div>\n\t\t\t\t<\/div>\n\t\t\t\t<\/div>","protected":false},"excerpt":{"rendered":"<p>TERMOS E CONDI\u00c7\u00d5ES DE UTILIZA\u00c7\u00c3O Utilizadores O acesso e\/ou uso deste site, propriedade de Kupervis\u00e3o Lda, adiante designada por KUPERVISAO.COM define as condi\u00e7\u00f5es de UTILIZADOR aceitando assim as Condi\u00e7\u00f5es Gerais de utiliza\u00e7\u00e3o aqui reflectidas. O acesso ao site KUPERVISAO.COM, ser\u00e1 feito de acordo com a Lei, e os utilizadores comprometem-se a n\u00e3o aceder ao site [&hellip;]<\/p>","protected":false},"author":1,"featured_media":0,"parent":0,"menu_order":0,"comment_status":"closed","ping_status":"closed","template":"","meta":{"footnotes":""},"class_list":["post-14407","page","type-page","status-publish","hentry"],"_links":{"self":[{"href":"https:\/\/kupervisao.com\/en\/wp-json\/wp\/v2\/pages\/14407","targetHints":{"allow":["GET"]}}],"collection":[{"href":"https:\/\/kupervisao.com\/en\/wp-json\/wp\/v2\/pages"}],"about":[{"href":"https:\/\/kupervisao.com\/en\/wp-json\/wp\/v2\/types\/page"}],"author":[{"embeddable":true,"href":"https:\/\/kupervisao.com\/en\/wp-json\/wp\/v2\/users\/1"}],"replies":[{"embeddable":true,"href":"https:\/\/kupervisao.com\/en\/wp-json\/wp\/v2\/comments?post=14407"}],"version-history":[{"count":31,"href":"https:\/\/kupervisao.com\/en\/wp-json\/wp\/v2\/pages\/14407\/revisions"}],"predecessor-version":[{"id":14550,"href":"https:\/\/kupervisao.com\/en\/wp-json\/wp\/v2\/pages\/14407\/revisions\/14550"}],"wp:attachment":[{"href":"https:\/\/kupervisao.com\/en\/wp-json\/wp\/v2\/media?parent=14407"}],"curies":[{"name":"wp","href":"https:\/\/api.w.org\/{rel}","templated":true}]}}